{"id":13,"date":"2024-08-31T21:38:54","date_gmt":"2024-08-31T20:38:54","guid":{"rendered":"https:\/\/nas.jgalindo.eu\/wordpress\/?page_id=13"},"modified":"2024-09-28T12:34:46","modified_gmt":"2024-09-28T11:34:46","slug":"contacto","status":"publish","type":"page","link":"https:\/\/eg.jgalindo.eu\/index.php\/contacto\/","title":{"rendered":"Contacto"},"content":{"rendered":"\n<p>Los pacientes de la Unidad pueden ser atendidos de forma preferencial en las consultas externas de Cirug\u00eda General y Aparato Digestivo (-2 izquierda) o en las de Otorrinolaringolog\u00eda (+2derecha)<\/p>\n\n\n\n<p>Citaciones Cirug\u00eda General y Digestivo: 913368167 \/ 913368131<\/p>\n\n\n\n<p>Citaciones ORL: 913368623<\/p>\n\n\n\n<p>Citaciones generales: 913368434 <\/p>\n\n\n\n<p><a rel=\"noreferrer noopener\" href=\"https:\/\/www.comunidad.madrid\/hospital\/ramonycajal\/ciudadanos\/gestion-citas\/gestion-citas\" target=\"_blank\">https:\/\/www.comunidad.madrid\/hospital\/ramonycajal\/ciudadanos\/gestion-citas\/gestion-citas<\/a><\/p>\n\n\n\n<p>E-mail Unidad: esofago.complejo.hrc@salud.madrid.org<\/p>\n\n\n\n<p>E-mail Cirug\u00eda General: cirgen.hrc@salud.madrid.org<\/p>\n","protected":false},"excerpt":{"rendered":"<p>Los pacientes de la Unidad pueden ser atendidos de forma preferencial en las consultas externas de Cirug\u00eda General y Aparato Digestivo (-2 izquierda) o en las de Otorrinolaringolog\u00eda (+2derecha) Citaciones Cirug\u00eda General y Digestivo: 913368167 \/ 913368131 Citaciones ORL: 913368623 Citaciones generales: 913368434 https:\/\/www.comunidad.madrid\/hospital\/ramonycajal\/ciudadanos\/gestion-citas\/gestion-citas E-mail Unidad: esofago.complejo.hrc@salud.madrid.org E-mail Cirug\u00eda General: cirgen.hrc@salud.madrid.org<\/p>\n","protected":false},"author":1,"featured_media":0,"parent":0,"menu_order":0,"comment_status":"closed","ping_status":"closed","template":"","meta":{"footnotes":""},"class_list":["post-13","page","type-page","status-publish","hentry","entry"],"_links":{"self":[{"href":"https:\/\/eg.jgalindo.eu\/index.php\/wp-json\/wp\/v2\/pages\/13","targetHints":{"allow":["GET"]}}],"collection":[{"href":"https:\/\/eg.jgalindo.eu\/index.php\/wp-json\/wp\/v2\/pages"}],"about":[{"href":"https:\/\/eg.jgalindo.eu\/index.php\/wp-json\/wp\/v2\/types\/page"}],"author":[{"embeddable":true,"href":"https:\/\/eg.jgalindo.eu\/index.php\/wp-json\/wp\/v2\/users\/1"}],"replies":[{"embeddable":true,"href":"https:\/\/eg.jgalindo.eu\/index.php\/wp-json\/wp\/v2\/comments?post=13"}],"version-history":[{"count":2,"href":"https:\/\/eg.jgalindo.eu\/index.php\/wp-json\/wp\/v2\/pages\/13\/revisions"}],"predecessor-version":[{"id":106,"href":"https:\/\/eg.jgalindo.eu\/index.php\/wp-json\/wp\/v2\/pages\/13\/revisions\/106"}],"wp:attachment":[{"href":"https:\/\/eg.jgalindo.eu\/index.php\/wp-json\/wp\/v2\/media?parent=13"}],"curies":[{"name":"wp","href":"https:\/\/api.w.org\/{rel}","templated":true}]}}