{"id":47,"date":"2024-09-26T18:59:54","date_gmt":"2024-09-26T17:59:54","guid":{"rendered":"https:\/\/eg.jgalindo.eu\/?page_id=47"},"modified":"2024-09-28T12:21:29","modified_gmt":"2024-09-28T11:21:29","slug":"quienes-somos","status":"publish","type":"page","link":"https:\/\/eg.jgalindo.eu\/","title":{"rendered":"Quienes somos"},"content":{"rendered":"\n<p class=\"has-extra-large-font-size\">Quienes somos<\/p>\n\n\n\n<p>La <strong>Unidad de Cirug\u00eda de Reconstrucci\u00f3n Esof\u00e1gica Compleja (CREC)<\/strong> tiene una historia en el Hospital Ram\u00f3n y Cajal de m\u00e1s de 20 a\u00f1os, partiendo de la colaboraci\u00f3n y coordinaci\u00f3n de los distintos Servicios Quir\u00fargicos interesados en esta patolog\u00eda. La complejidad de la t\u00e9cnica y la necesidad de abordajes en distintos campos (cervical, tor\u00e1cico, abdominal, miembros superiores e inferiores) ha ido incorporando distintas especialidades m\u00e9dicas y quir\u00fargicas a la Unidad. Desde los comienzos, con reuniones de&nbsp; profesionales ilusionados para dise\u00f1ar los nuevos procedimientos quir\u00fargicos, se ha ido creando un <strong>Grupo de Trabajo<\/strong>, con dependencia org\u00e1nica de la Comisi\u00f3n de Nutrici\u00f3n y funcional de la Comisi\u00f3n de Tejidos y Tumores (Comit\u00e9 de Tumores Esofagog\u00e1stricos y de Cabeza y Cuello)..<\/p>\n\n\n\n<p>La Unidad de Cirug\u00eda Esof\u00e1gica Compleja es una unidad multidisciplinar que se dedica al diagn\u00f3stico, tratamiento y seguimiento de los pacientes con patolog\u00eda esof\u00e1gica compleja, con implicaci\u00f3n espec\u00edfica en la formaci\u00f3n de profesionales y desarrollo de la investigaci\u00f3n en este campo.<\/p>\n\n\n\n<p>\u00bf A qu\u00e9 patolog\u00eda nos orientamos?:<\/p>\n\n\n\n<ul class=\"wp-block-list\">\n<li>Tumores de es\u00f3fago cervical y tor\u00e1cico<\/li>\n\n\n\n<li>Tumores de laringe y faringe con afectaci\u00f3n esof\u00e1gica o que requieren reconstrucciones complejas<\/li>\n\n\n\n<li>Tumores de estirpe poco habitual con afectaci\u00f3n de es\u00f3fago tor\u00e1cico o cervical<\/li>\n\n\n\n<li>Recidivas de tumores de laringe, faringe o es\u00f3fago<\/li>\n\n\n\n<li>Perforaciones esof\u00e1gicas espont\u00e1neas o instrumentales<\/li>\n\n\n\n<li>Ingesta de c\u00e1usticos<\/li>\n\n\n\n<li>Complicaciones agudas de la cirug\u00eda esof\u00e1gicas (dehiscencias, isquemia de plastia g\u00e1strica,..)<\/li>\n\n\n\n<li>Complicaciones tard\u00edas de la cirug\u00eda esof\u00e1gica (isquemia cr\u00f3nica, torsi\u00f3n de plastia,..)<\/li>\n\n\n\n<li>Fistulas a\u00e9reo-digestivas<\/li>\n\n\n\n<li>Fistulas esof\u00e1gicas<\/li>\n<\/ul>\n","protected":false},"excerpt":{"rendered":"<p>Quienes somos La Unidad de Cirug\u00eda de Reconstrucci\u00f3n Esof\u00e1gica Compleja (CREC) tiene una historia en el Hospital Ram\u00f3n y Cajal de m\u00e1s de 20 a\u00f1os, partiendo de la colaboraci\u00f3n y coordinaci\u00f3n de los distintos Servicios Quir\u00fargicos interesados en esta patolog\u00eda. La complejidad de la t\u00e9cnica y la necesidad de abordajes en distintos campos (cervical, tor\u00e1cico,&hellip; <a class=\"more-link\" href=\"https:\/\/eg.jgalindo.eu\/\">Seguir leyendo <span class=\"screen-reader-text\">Quienes somos<\/span><\/a><\/p>\n","protected":false},"author":2,"featured_media":0,"parent":0,"menu_order":0,"comment_status":"closed","ping_status":"closed","template":"","meta":{"footnotes":""},"class_list":["post-47","page","type-page","status-publish","hentry","entry"],"_links":{"self":[{"href":"https:\/\/eg.jgalindo.eu\/index.php\/wp-json\/wp\/v2\/pages\/47","targetHints":{"allow":["GET"]}}],"collection":[{"href":"https:\/\/eg.jgalindo.eu\/index.php\/wp-json\/wp\/v2\/pages"}],"about":[{"href":"https:\/\/eg.jgalindo.eu\/index.php\/wp-json\/wp\/v2\/types\/page"}],"author":[{"embeddable":true,"href":"https:\/\/eg.jgalindo.eu\/index.php\/wp-json\/wp\/v2\/users\/2"}],"replies":[{"embeddable":true,"href":"https:\/\/eg.jgalindo.eu\/index.php\/wp-json\/wp\/v2\/comments?post=47"}],"version-history":[{"count":9,"href":"https:\/\/eg.jgalindo.eu\/index.php\/wp-json\/wp\/v2\/pages\/47\/revisions"}],"predecessor-version":[{"id":104,"href":"https:\/\/eg.jgalindo.eu\/index.php\/wp-json\/wp\/v2\/pages\/47\/revisions\/104"}],"wp:attachment":[{"href":"https:\/\/eg.jgalindo.eu\/index.php\/wp-json\/wp\/v2\/media?parent=47"}],"curies":[{"name":"wp","href":"https:\/\/api.w.org\/{rel}","templated":true}]}}