{"id":71,"date":"2024-09-27T19:24:46","date_gmt":"2024-09-27T18:24:46","guid":{"rendered":"https:\/\/eg.jgalindo.eu\/?page_id=71"},"modified":"2024-09-28T12:20:29","modified_gmt":"2024-09-28T11:20:29","slug":"poniendo-cara-a-la-unidad","status":"publish","type":"page","link":"https:\/\/eg.jgalindo.eu\/index.php\/poniendo-cara-a-la-unidad\/","title":{"rendered":"Poniendo cara a la Unidad"},"content":{"rendered":"\n<p><\/p>\n\n\n\n<p>La <strong>Unidad B\u00e1sica<\/strong> est\u00e1 formada por los profesionales de las secciones y \u00e1reas detalladas a continuaci\u00f3n:<\/p>\n\n\n\n<p><\/p>\n\n\n\n<ul class=\"wp-block-list\">\n<li><strong>Servicio de Cirug\u00eda General y del Aparato Digestivo<\/strong>\n<ul class=\"wp-block-list\">\n<li><strong>Jefe de Servicio: <\/strong>Jos\u00e9 Mar\u00eda Fern\u00e1ndez Cebri\u00e1n<\/li>\n\n\n\n<li><strong>Jefe de Secci\u00f3n y coordinador Unidad: <\/strong>Julio Galindo \u00c1lvarez<\/li>\n\n\n\n<li><strong>Facultativos: <\/strong>Marta Cuadrado Ayuso, Pablo Luis Gil Yonte, Gustavo Adolfo D\u00edaz Garc\u00eda.<\/li>\n<\/ul>\n<\/li>\n\n\n\n<li><strong>Servicio de Otorrinolaringolog\u00eda<\/strong>\n<ul class=\"wp-block-list\">\n<li><strong>Jefe de Servicio: <\/strong>Gonzalo de los Santos Granado<\/li>\n\n\n\n<li><strong>Jefe de Secci\u00f3n: <\/strong>Rafael Barber\u00e1 Durb\u00e1n<\/li>\n\n\n\n<li><strong>Facultativos:<\/strong> F\u00e1tima S\u00e1nchez Fern\u00e1ndez, Lourdes Montes-Jovellar Gonz\u00e1lez<\/li>\n<\/ul>\n<\/li>\n\n\n\n<li><strong>Servicio de Cirug\u00eda Tor\u00e1cica<\/strong>\n<ul class=\"wp-block-list\">\n<li><strong>Jefe de Servicio:<\/strong> Nicolas Moreno Mata<strong><\/strong><\/li>\n\n\n\n<li><strong>Facultativos:<\/strong> Gemma mar\u00eda Mu\u00f1oz Molina, Alberto Caba\u00f1ero S\u00e1nchez, Usue Caballero Silva, Sara Fra Fern\u00e1ndez<\/li>\n<\/ul>\n<\/li>\n\n\n\n<li><strong>Servicio de Cirug\u00eda Pl\u00e1stica y Reparadora<\/strong>\n<ul class=\"wp-block-list\">\n<li><strong>Jefe de Servicio: <\/strong>Pablo Benito Duque<\/li>\n\n\n\n<li><strong>Jefe de Secci\u00f3n: <\/strong>Jos\u00e9 Manuel Rodriguez Vegas<\/li>\n\n\n\n<li><strong>Facultativos: <\/strong>Ander Aburto Bernardo, Lawrence Luis Garro Guerrero<\/li>\n<\/ul>\n<\/li>\n\n\n\n<li><strong>Servicio de Oncolog\u00eda M\u00e9dica:<\/strong>\n<ul class=\"wp-block-list\">\n<li><strong>Facultativos: <\/strong>Federico Longo Mu\u00f1oz, Elena Corral de la Fuente<\/li>\n<\/ul>\n<\/li>\n\n\n\n<li><strong>Servicio de Oncolog\u00eda Radioter\u00e1pica<\/strong>\n<ul class=\"wp-block-list\">\n<li><strong>Facultativos: <\/strong>Fernando L\u00f3pez Campos, Margarita Mart\u00edn Mart\u00edn<\/li>\n<\/ul>\n<\/li>\n\n\n\n<li><strong>Servicio de Radiodiagn\u00f3stico<\/strong>\n<ul class=\"wp-block-list\">\n<li><strong>Jefe de Servicio: <\/strong>Javier Bl\u00e1zquez S\u00e1nchez<\/li>\n\n\n\n<li><strong>Jefa de Secci\u00f3n: <\/strong>Mar\u00eda Mu\u00f1oz Beltr\u00e1n<\/li>\n\n\n\n<li><strong>Facultativos:<\/strong> Isabel Garc\u00eda-G\u00f3mez Muriel, Carmen Pic\u00f3n Serrano, Raquel Garc\u00eda Latorre, Mar\u00eda Jes\u00fas carrillo Guivernau, Cristina Gonz\u00e1lez Gordaliza, Ana Villanueva Canpos, Elena Serrano Tamayo, Elena Canales Lach\u00e9n.<\/li>\n<\/ul>\n<\/li>\n\n\n\n<li><strong>Logopedia: <\/strong>Mar\u00eda Auxiliadora Gutierrez Revilla<\/li>\n\n\n\n<li><strong>Enfermer\u00eda<\/strong>\n<ul class=\"wp-block-list\">\n<li><strong>Estomaterapeuta: <\/strong>Irene Clemente Esteban<\/li>\n\n\n\n<li><strong>Hospitalizaci\u00f3n: <\/strong>Marta Lecina Jim\u00e9nez, Ana Compa\u00f1y Mart\u00ednez, Ana Isabel Iglesias Escudero, Isabel Garc\u00eda Vaquero, Mar\u00eda Teresa Rodriguez Cubilot, Carmen Carbonell D\u00edaz<\/li>\n\n\n\n<li><strong>Quir\u00f3fano: <\/strong>Laura Mart\u00edn Sancho, Mar\u00eda Isabel Bl\u00e1zquez Hern\u00e1ndez, Rosa Mar\u00eda Chaparro de la Barrera Montenegro<\/li>\n<\/ul>\n<\/li>\n<\/ul>\n\n\n\n<p>Los Servicios de apoyo que colaboran de forma coordinada con la Unidad son:<\/p>\n\n\n\n<ul class=\"wp-block-list\">\n<li><strong>Servicio de Gastroenterolog\u00eda<\/strong>\n<ul class=\"wp-block-list\">\n<li><strong>Jefe de Servicio<\/strong> Agust\u00edn Albillos Mart\u00ednez<\/li>\n\n\n\n<li><strong>Responsable Unidad Endoscopias: <\/strong>Enrique V\u00e1zquez Sequeiros<strong><\/strong><\/li>\n<\/ul>\n<\/li>\n\n\n\n<li><strong>Servicio de Anatom\u00eda Patol\u00f3gica<\/strong>\n<ul class=\"wp-block-list\">\n<li><strong>Jefe de Secci\u00f3n<\/strong>: Cristian Perna Monroy<\/li>\n\n\n\n<li><strong>Facultativo<\/strong>: Ignacio Ruz Caracuel<\/li>\n<\/ul>\n<\/li>\n\n\n\n<li><strong>Servicio de Anestesiolog\u00eda y Reanimaci\u00f3n<\/strong>\n<ul class=\"wp-block-list\">\n<li><strong>Jefe de Servicio<\/strong> David Pesta\u00f1a Lagunas<\/li>\n\n\n\n<li><strong>Jefe de Secci\u00f3n: <\/strong>Nilda Mart\u00ednez Castro, \u00c1lvaro Ruig\u00f3mez Saiz<\/li>\n<\/ul>\n<\/li>\n\n\n\n<li><strong>Servicio de Cuidados Intensivos<\/strong>\n<ul class=\"wp-block-list\">\n<li><strong>Jefe de Servicio:<\/strong> Raul de Pablo S\u00e1nchez<\/li>\n<\/ul>\n<\/li>\n\n\n\n<li><strong>Servicio de Endocrinolog\u00eda y Nutrici\u00f3n (Unidad de Nutrici\u00f3n)<\/strong>\n<ul class=\"wp-block-list\">\n<li><strong>Jefe de Servicio: <\/strong>H\u00e9ctro Francisco Escobar Morreale<\/li>\n\n\n\n<li><strong>Jefe de Secci\u00f3n: <\/strong>Jos\u00e9 Ignacio Botella Carretero<\/li>\n\n\n\n<li><strong>Facultativos<\/strong>: Bel\u00e9n Vega Pi\u00f1ero, Jes\u00fas Marceliano G\u00f3mez Mart\u00edn, Eider Pascual Corrales, Marta Araujo Castro<\/li>\n<\/ul>\n<\/li>\n\n\n\n<li><strong>Servicio de Angiolog\u00eda y Cirug\u00eda Vascular<\/strong><\/li>\n\n\n\n<li><strong>Servicio de Psiquiatr\u00eda<\/strong><\/li>\n\n\n\n<li><strong>Unidad de Radiolog\u00eda Intervencionista (Servicio de &nbsp;Radiodiagn\u00f3stico)<\/strong><\/li>\n\n\n\n<li><strong>Servicio de Medicina Nuclear<\/strong><\/li>\n\n\n\n<li><strong>Unidad de Radiof\u00edsica Hospitalaria<\/strong><\/li>\n\n\n\n<li><strong>Unidad del dolor (Servicio de Anestesiolog\u00eda y Reanimaci\u00f3n)<\/strong><\/li>\n\n\n\n<li><strong>Servicio de Rehabilitaci\u00f3n<\/strong><\/li>\n\n\n\n<li><strong>Unidad de transfusi\u00f3n (Servicio de Hematolog\u00eda<\/strong><\/li>\n\n\n\n<li><strong>Unidad de Trabajadores Sociales<\/strong><\/li>\n<\/ul>\n","protected":false},"excerpt":{"rendered":"<p>La Unidad B\u00e1sica est\u00e1 formada por los profesionales de las secciones y \u00e1reas detalladas a continuaci\u00f3n: Los Servicios de apoyo que colaboran de forma coordinada con la Unidad son:<\/p>\n","protected":false},"author":2,"featured_media":0,"parent":0,"menu_order":0,"comment_status":"closed","ping_status":"closed","template":"","meta":{"footnotes":""},"class_list":["post-71","page","type-page","status-publish","hentry","entry"],"_links":{"self":[{"href":"https:\/\/eg.jgalindo.eu\/index.php\/wp-json\/wp\/v2\/pages\/71","targetHints":{"allow":["GET"]}}],"collection":[{"href":"https:\/\/eg.jgalindo.eu\/index.php\/wp-json\/wp\/v2\/pages"}],"about":[{"href":"https:\/\/eg.jgalindo.eu\/index.php\/wp-json\/wp\/v2\/types\/page"}],"author":[{"embeddable":true,"href":"https:\/\/eg.jgalindo.eu\/index.php\/wp-json\/wp\/v2\/users\/2"}],"replies":[{"embeddable":true,"href":"https:\/\/eg.jgalindo.eu\/index.php\/wp-json\/wp\/v2\/comments?post=71"}],"version-history":[{"count":3,"href":"https:\/\/eg.jgalindo.eu\/index.php\/wp-json\/wp\/v2\/pages\/71\/revisions"}],"predecessor-version":[{"id":103,"href":"https:\/\/eg.jgalindo.eu\/index.php\/wp-json\/wp\/v2\/pages\/71\/revisions\/103"}],"wp:attachment":[{"href":"https:\/\/eg.jgalindo.eu\/index.php\/wp-json\/wp\/v2\/media?parent=71"}],"curies":[{"name":"wp","href":"https:\/\/api.w.org\/{rel}","templated":true}]}}