{"id":75,"date":"2024-09-27T19:46:29","date_gmt":"2024-09-27T18:46:29","guid":{"rendered":"https:\/\/eg.jgalindo.eu\/?page_id=75"},"modified":"2024-10-06T17:00:22","modified_gmt":"2024-10-06T16:00:22","slug":"enlaces-de-interes","status":"publish","type":"page","link":"https:\/\/eg.jgalindo.eu\/index.php\/enlaces-de-interes\/","title":{"rendered":"Enlaces de inter\u00e9s"},"content":{"rendered":"\n<p>A continuaci\u00f3n se ofrecen enlaces a las Asociaciones Cient\u00edficas y de Pacientes donde se puede obtener m\u00e1s informaci\u00f3n<\/p>\n\n\n\n<div class=\"wp-block-media-text is-stacked-on-mobile is-style-twentytwentyone-image-frame\"><figure class=\"wp-block-media-text__media\"><img loading=\"lazy\" decoding=\"async\" width=\"308\" height=\"164\" src=\"https:\/\/eg.jgalindo.eu\/wp-content\/uploads\/2024\/09\/descarga-cam.png\" alt=\"\" class=\"wp-image-78 size-full\" srcset=\"https:\/\/eg.jgalindo.eu\/wp-content\/uploads\/2024\/09\/descarga-cam.png 308w, https:\/\/eg.jgalindo.eu\/wp-content\/uploads\/2024\/09\/descarga-cam-300x160.png 300w\" sizes=\"auto, (max-width: 308px) 100vw, 308px\" \/><\/figure><div class=\"wp-block-media-text__content\">\n<p>Recomendaciones diet\u00e9ticas<\/p>\n<\/div><\/div>\n\n\n\n<figure class=\"wp-block-gallery has-nested-images columns-default is-cropped wp-block-gallery-1 is-layout-flex wp-block-gallery-is-layout-flex\">\n<figure class=\"wp-block-image size-large\"><a href=\"https:\/\/www.aecirujanos.es\/\"><img loading=\"lazy\" decoding=\"async\" width=\"277\" height=\"98\" data-id=\"79\" src=\"https:\/\/eg.jgalindo.eu\/wp-content\/uploads\/2024\/09\/logo-1aec.png\" alt=\"\" class=\"wp-image-79\"\/><\/a><\/figure>\n<\/figure>\n\n\n\n<figure class=\"wp-block-gallery has-nested-images columns-default is-cropped wp-block-gallery-2 is-layout-flex wp-block-gallery-is-layout-flex\">\n<figure class=\"wp-block-image size-large\"><a href=\"https:\/\/seorl.net\/\"><img loading=\"lazy\" decoding=\"async\" width=\"623\" height=\"415\" data-id=\"111\" src=\"https:\/\/eg.jgalindo.eu\/wp-content\/uploads\/2024\/09\/seorl-edited.png\" alt=\"\" class=\"wp-image-111\" srcset=\"https:\/\/eg.jgalindo.eu\/wp-content\/uploads\/2024\/09\/seorl-edited.png 623w, https:\/\/eg.jgalindo.eu\/wp-content\/uploads\/2024\/09\/seorl-edited-300x200.png 300w\" sizes=\"auto, (max-width: 623px) 100vw, 623px\" \/><\/a><\/figure>\n<\/figure>\n\n\n\n<figure class=\"wp-block-image size-full\"><img loading=\"lazy\" decoding=\"async\" width=\"296\" height=\"170\" src=\"https:\/\/eg.jgalindo.eu\/wp-content\/uploads\/2024\/09\/descarga-seom.png\" alt=\"\" class=\"wp-image-107\"\/><\/figure>\n\n\n\n<figure class=\"wp-block-image size-full is-resized\"><img loading=\"lazy\" decoding=\"async\" src=\"https:\/\/eg.jgalindo.eu\/wp-content\/uploads\/2024\/09\/logoSectTransparente-ef3579dd.webp\" alt=\"\" class=\"wp-image-81\" width=\"298\" height=\"138\"\/><\/figure>\n\n\n\n<figure class=\"wp-block-image size-full is-resized\"><a href=\"https:\/\/seor.es\/\"><img loading=\"lazy\" decoding=\"async\" src=\"https:\/\/eg.jgalindo.eu\/wp-content\/uploads\/2024\/09\/descarga-seor.png\" alt=\"\" class=\"wp-image-128\" width=\"307\" height=\"231\"\/><\/a><\/figure>\n\n\n\n<figure class=\"wp-block-image size-full is-resized\"><a href=\"https:\/\/secpre.org\/\"><img loading=\"lazy\" decoding=\"async\" src=\"https:\/\/eg.jgalindo.eu\/wp-content\/uploads\/2024\/09\/descarga-secpre.png\" alt=\"\" class=\"wp-image-109\" width=\"420\" height=\"123\" srcset=\"https:\/\/eg.jgalindo.eu\/wp-content\/uploads\/2024\/09\/descarga-secpre.png 304w, https:\/\/eg.jgalindo.eu\/wp-content\/uploads\/2024\/09\/descarga-secpre-300x88.png 300w\" sizes=\"auto, (max-width: 420px) 100vw, 420px\" \/><\/a><\/figure>\n\n\n\n<figure class=\"wp-block-image size-full is-resized\"><img loading=\"lazy\" decoding=\"async\" src=\"https:\/\/eg.jgalindo.eu\/wp-content\/uploads\/2024\/09\/logo-1nccn.png\" alt=\"\" class=\"wp-image-110\" width=\"433\" height=\"110\"\/><\/figure>\n\n\n\n<figure class=\"wp-block-image size-full\"><a href=\"https:\/\/www.esmo.org\/guidelines\"><img loading=\"lazy\" decoding=\"async\" width=\"426\" height=\"118\" src=\"https:\/\/eg.jgalindo.eu\/wp-content\/uploads\/2024\/09\/descarga-esmo.png\" alt=\"\" class=\"wp-image-112\" srcset=\"https:\/\/eg.jgalindo.eu\/wp-content\/uploads\/2024\/09\/descarga-esmo.png 426w, https:\/\/eg.jgalindo.eu\/wp-content\/uploads\/2024\/09\/descarga-esmo-300x83.png 300w\" sizes=\"auto, (max-width: 426px) 100vw, 426px\" \/><\/a><\/figure>\n\n\n\n<figure class=\"wp-block-image size-full\"><a href=\"https:\/\/society.asco.org\/practice-patients\/guidelines\"><img loading=\"lazy\" decoding=\"async\" width=\"580\" height=\"72\" src=\"https:\/\/eg.jgalindo.eu\/wp-content\/uploads\/2024\/09\/asco-logo-header-desktop-580.png\" alt=\"\" class=\"wp-image-113\" srcset=\"https:\/\/eg.jgalindo.eu\/wp-content\/uploads\/2024\/09\/asco-logo-header-desktop-580.png 580w, https:\/\/eg.jgalindo.eu\/wp-content\/uploads\/2024\/09\/asco-logo-header-desktop-580-300x37.png 300w\" sizes=\"auto, (max-width: 580px) 100vw, 580px\" \/><\/a><\/figure>\n\n\n\n<figure class=\"wp-block-image size-full is-resized\"><a href=\"https:\/\/www.nice.org.uk\/\"><img loading=\"lazy\" decoding=\"async\" src=\"https:\/\/eg.jgalindo.eu\/wp-content\/uploads\/2024\/09\/descarga-nice1.png\" alt=\"\" class=\"wp-image-114\" width=\"530\" height=\"186\" srcset=\"https:\/\/eg.jgalindo.eu\/wp-content\/uploads\/2024\/09\/descarga-nice1.png 379w, https:\/\/eg.jgalindo.eu\/wp-content\/uploads\/2024\/09\/descarga-nice1-300x105.png 300w\" sizes=\"auto, (max-width: 530px) 100vw, 530px\" \/><\/a><\/figure>\n\n\n\n<figure class=\"wp-block-image size-full is-resized\"><a href=\"https:\/\/www.asenbar.com\/\"><img loading=\"lazy\" decoding=\"async\" src=\"https:\/\/eg.jgalindo.eu\/wp-content\/uploads\/2024\/09\/logo-wide-barret.png\" alt=\"\" class=\"wp-image-115\" width=\"452\" height=\"94\" srcset=\"https:\/\/eg.jgalindo.eu\/wp-content\/uploads\/2024\/09\/logo-wide-barret.png 322w, https:\/\/eg.jgalindo.eu\/wp-content\/uploads\/2024\/09\/logo-wide-barret-300x62.png 300w\" sizes=\"auto, (max-width: 452px) 100vw, 452px\" \/><\/a><\/figure>\n\n\n\n<figure class=\"wp-block-image size-full is-resized\"><a href=\"http:\/\/atesofago.org\/\"><img loading=\"lazy\" decoding=\"async\" src=\"https:\/\/eg.jgalindo.eu\/wp-content\/uploads\/2024\/09\/Logo_atesofago-bj.png\" alt=\"\" class=\"wp-image-116\" width=\"99\" height=\"99\"\/><\/a><figcaption class=\"wp-element-caption\">Asociaci\u00f3n de Atresia de Es\u00f3fago<\/figcaption><\/figure>\n\n\n\n<figure class=\"wp-block-image size-full is-resized\"><a href=\"https:\/\/www.accgg.es\/\"><img loading=\"lazy\" decoding=\"async\" src=\"https:\/\/eg.jgalindo.eu\/wp-content\/uploads\/2024\/09\/o_1cggqrgcbmfl1qc21c6n1ptu1apra.png\" alt=\"\" class=\"wp-image-117\" width=\"328\" height=\"328\" srcset=\"https:\/\/eg.jgalindo.eu\/wp-content\/uploads\/2024\/09\/o_1cggqrgcbmfl1qc21c6n1ptu1apra.png 1024w, https:\/\/eg.jgalindo.eu\/wp-content\/uploads\/2024\/09\/o_1cggqrgcbmfl1qc21c6n1ptu1apra-300x300.png 300w, https:\/\/eg.jgalindo.eu\/wp-content\/uploads\/2024\/09\/o_1cggqrgcbmfl1qc21c6n1ptu1apra-150x150.png 150w, https:\/\/eg.jgalindo.eu\/wp-content\/uploads\/2024\/09\/o_1cggqrgcbmfl1qc21c6n1ptu1apra-768x768.png 768w\" sizes=\"auto, (max-width: 328px) 100vw, 328px\" \/><\/a><figcaption class=\"wp-element-caption\">Asociaci\u00f3n contra el c\u00e1ncer g\u00e1strico y gastrectomizados<\/figcaption><\/figure>\n\n\n\n<figure class=\"wp-block-gallery has-nested-images columns-default is-cropped wp-block-gallery-3 is-layout-flex wp-block-gallery-is-layout-flex\">\n<figure class=\"wp-block-image size-full\"><a href=\"https:\/\/www.accgg.es\/\"><img loading=\"lazy\" decoding=\"async\" width=\"1200\" height=\"735\" data-id=\"119\" src=\"https:\/\/eg.jgalindo.eu\/wp-content\/uploads\/2024\/09\/cuadro-valores-cancer-gepac.png\" alt=\"\" class=\"wp-image-119\" srcset=\"https:\/\/eg.jgalindo.eu\/wp-content\/uploads\/2024\/09\/cuadro-valores-cancer-gepac.png 1200w, https:\/\/eg.jgalindo.eu\/wp-content\/uploads\/2024\/09\/cuadro-valores-cancer-gepac-300x184.png 300w, https:\/\/eg.jgalindo.eu\/wp-content\/uploads\/2024\/09\/cuadro-valores-cancer-gepac-1024x627.png 1024w, https:\/\/eg.jgalindo.eu\/wp-content\/uploads\/2024\/09\/cuadro-valores-cancer-gepac-768x470.png 768w\" sizes=\"auto, (max-width: 1200px) 100vw, 1200px\" \/><\/a><figcaption class=\"wp-element-caption\">Grupo Espa\u00f1ol de Pacientes con C\u00e1ncer<\/figcaption><\/figure>\n<\/figure>\n\n\n\n<figure class=\"wp-block-image size-full\"><a href=\"https:\/\/www.aegastro.es\/\"><img loading=\"lazy\" decoding=\"async\" width=\"234\" height=\"216\" src=\"https:\/\/eg.jgalindo.eu\/wp-content\/uploads\/2024\/09\/images-aeg.png\" alt=\"\" class=\"wp-image-121\"\/><\/a><\/figure>\n\n\n\n<figure class=\"wp-block-image size-full\"><a href=\"https:\/\/www.comunidad.madrid\/servicios\/salud\/asociaciones-relacionadas-salud-otras-entidades-pacientes\"><img loading=\"lazy\" decoding=\"async\" width=\"120\" height=\"120\" src=\"https:\/\/eg.jgalindo.eu\/wp-content\/uploads\/2024\/09\/asociaciones.png\" alt=\"\" class=\"wp-image-122\"\/><\/a><figcaption class=\"wp-element-caption\">Asociaciones de pacientes. Comunidad de Madrid<\/figcaption><\/figure>\n\n\n\n<figure class=\"wp-block-image size-full is-resized\"><a href=\"https:\/\/plataformadepacientes.org\/\"><img loading=\"lazy\" decoding=\"async\" src=\"https:\/\/eg.jgalindo.eu\/wp-content\/uploads\/2024\/09\/logo-1-plat.png\" alt=\"\" class=\"wp-image-123\" width=\"364\" height=\"125\"\/><\/a><\/figure>\n\n\n\n<figure class=\"wp-block-image size-full is-resized\"><a href=\"https:\/\/armarel.org\/\"><img loading=\"lazy\" decoding=\"async\" src=\"https:\/\/eg.jgalindo.eu\/wp-content\/uploads\/2024\/09\/100x_ARAMREL_Logo-1.png\" alt=\"\" class=\"wp-image-124\" width=\"177\" height=\"177\"\/><\/a><\/figure>\n\n\n\n<figure class=\"wp-block-image size-full is-resized\"><a href=\"https:\/\/asociacionamular.org\/\"><img loading=\"lazy\" decoding=\"async\" src=\"https:\/\/eg.jgalindo.eu\/wp-content\/uploads\/2024\/09\/logo-asociacion-amular-1.webp\" alt=\"\" class=\"wp-image-125\" width=\"409\" height=\"159\" srcset=\"https:\/\/eg.jgalindo.eu\/wp-content\/uploads\/2024\/09\/logo-asociacion-amular-1.webp 1000w, https:\/\/eg.jgalindo.eu\/wp-content\/uploads\/2024\/09\/logo-asociacion-amular-1-300x117.webp 300w, https:\/\/eg.jgalindo.eu\/wp-content\/uploads\/2024\/09\/logo-asociacion-amular-1-768x299.webp 768w\" sizes=\"auto, (max-width: 409px) 100vw, 409px\" \/><\/a><\/figure>\n\n\n\n<figure class=\"wp-block-image size-full\"><a href=\"https:\/\/laringenavarra.blogspot.com\/\"><img loading=\"lazy\" decoding=\"async\" width=\"768\" height=\"96\" src=\"https:\/\/eg.jgalindo.eu\/wp-content\/uploads\/2024\/09\/Asociacion-Navarra-de-Laringectomizados.jpg\" alt=\"\" class=\"wp-image-126\" srcset=\"https:\/\/eg.jgalindo.eu\/wp-content\/uploads\/2024\/09\/Asociacion-Navarra-de-Laringectomizados.jpg 768w, https:\/\/eg.jgalindo.eu\/wp-content\/uploads\/2024\/09\/Asociacion-Navarra-de-Laringectomizados-300x38.jpg 300w\" sizes=\"auto, (max-width: 768px) 100vw, 768px\" \/><\/a><\/figure>\n\n\n\n<figure class=\"wp-block-image size-full\"><a href=\"https:\/\/asociacionalicantinaoperadoslaringe.es\/\"><img loading=\"lazy\" decoding=\"async\" width=\"502\" height=\"208\" src=\"https:\/\/eg.jgalindo.eu\/wp-content\/uploads\/2024\/09\/cropped-LOGO-ASOCIACIONDESI2ok-copia.jpg\" alt=\"\" class=\"wp-image-127\" srcset=\"https:\/\/eg.jgalindo.eu\/wp-content\/uploads\/2024\/09\/cropped-LOGO-ASOCIACIONDESI2ok-copia.jpg 502w, https:\/\/eg.jgalindo.eu\/wp-content\/uploads\/2024\/09\/cropped-LOGO-ASOCIACIONDESI2ok-copia-300x124.jpg 300w\" sizes=\"auto, (max-width: 502px) 100vw, 502px\" \/><\/a><\/figure>\n","protected":false},"excerpt":{"rendered":"<p>A continuaci\u00f3n se ofrecen enlaces a las Asociaciones Cient\u00edficas y de Pacientes donde se puede obtener m\u00e1s informaci\u00f3n Recomendaciones diet\u00e9ticas<\/p>\n","protected":false},"author":2,"featured_media":0,"parent":0,"menu_order":0,"comment_status":"closed","ping_status":"closed","template":"","meta":{"footnotes":""},"class_list":["post-75","page","type-page","status-publish","hentry","entry"],"_links":{"self":[{"href":"https:\/\/eg.jgalindo.eu\/index.php\/wp-json\/wp\/v2\/pages\/75","targetHints":{"allow":["GET"]}}],"collection":[{"href":"https:\/\/eg.jgalindo.eu\/index.php\/wp-json\/wp\/v2\/pages"}],"about":[{"href":"https:\/\/eg.jgalindo.eu\/index.php\/wp-json\/wp\/v2\/types\/page"}],"author":[{"embeddable":true,"href":"https:\/\/eg.jgalindo.eu\/index.php\/wp-json\/wp\/v2\/users\/2"}],"replies":[{"embeddable":true,"href":"https:\/\/eg.jgalindo.eu\/index.php\/wp-json\/wp\/v2\/comments?post=75"}],"version-history":[{"count":2,"href":"https:\/\/eg.jgalindo.eu\/index.php\/wp-json\/wp\/v2\/pages\/75\/revisions"}],"predecessor-version":[{"id":129,"href":"https:\/\/eg.jgalindo.eu\/index.php\/wp-json\/wp\/v2\/pages\/75\/revisions\/129"}],"wp:attachment":[{"href":"https:\/\/eg.jgalindo.eu\/index.php\/wp-json\/wp\/v2\/media?parent=75"}],"curies":[{"name":"wp","href":"https:\/\/api.w.org\/{rel}","templated":true}]}}