{"id":84,"date":"2024-09-28T11:29:53","date_gmt":"2024-09-28T10:29:53","guid":{"rendered":"https:\/\/eg.jgalindo.eu\/?page_id=84"},"modified":"2024-10-29T08:02:52","modified_gmt":"2024-10-29T07:02:52","slug":"donde-estamos","status":"publish","type":"page","link":"https:\/\/eg.jgalindo.eu\/index.php\/donde-estamos\/","title":{"rendered":"Donde estamos"},"content":{"rendered":"\n<p><strong>\u00c1rea de consultas externas<\/strong><\/p>\n\n\n\n<ul class=\"wp-block-list\">\n<li><strong>Consultas de Cirug\u00eda General y Aparato Digestivo<\/strong>\n<ul class=\"wp-block-list\">\n<li>Ubicaci\u00f3n: Planta -2 izquierda.<\/li>\n<\/ul>\n<\/li>\n<\/ul>\n\n\n\n<figure class=\"wp-block-image size-full\"><img loading=\"lazy\" decoding=\"async\" width=\"895\" height=\"735\" src=\"https:\/\/eg.jgalindo.eu\/wp-content\/uploads\/2024\/10\/image-12.png\" alt=\"\" class=\"wp-image-161\" srcset=\"https:\/\/eg.jgalindo.eu\/wp-content\/uploads\/2024\/10\/image-12.png 895w, https:\/\/eg.jgalindo.eu\/wp-content\/uploads\/2024\/10\/image-12-300x246.png 300w, https:\/\/eg.jgalindo.eu\/wp-content\/uploads\/2024\/10\/image-12-768x631.png 768w\" sizes=\"auto, (max-width: 895px) 100vw, 895px\" \/><figcaption class=\"wp-element-caption\"><strong>Planta -2 izquierda<\/strong><\/figcaption><\/figure>\n\n\n\n<ul class=\"wp-block-list\">\n<li><strong>Consultas de Otorrinolaringolog\u00eda.<\/strong>\n<ul class=\"wp-block-list\">\n<li>Ubicaci\u00f3n: Planta 2 derecha.<\/li>\n<\/ul>\n<\/li>\n<\/ul>\n\n\n\n<figure class=\"wp-block-image size-full is-resized\"><img loading=\"lazy\" decoding=\"async\" src=\"https:\/\/eg.jgalindo.eu\/wp-content\/uploads\/2024\/10\/image-13.png\" alt=\"\" class=\"wp-image-163\" width=\"610\" height=\"878\" srcset=\"https:\/\/eg.jgalindo.eu\/wp-content\/uploads\/2024\/10\/image-13.png 692w, https:\/\/eg.jgalindo.eu\/wp-content\/uploads\/2024\/10\/image-13-208x300.png 208w\" sizes=\"auto, (max-width: 610px) 100vw, 610px\" \/><figcaption class=\"wp-element-caption\"><strong>Planta +2 derecha<\/strong><\/figcaption><\/figure>\n\n\n\n<ul class=\"wp-block-list\">\n<li><strong>Hospitalizaci\u00f3n Cirug\u00eda Esofagog\u00e1strica.<\/strong>\n<ul class=\"wp-block-list\">\n<li>Ubicaci\u00f3n: Planta 10 izquierda, control A-B.<\/li>\n<\/ul>\n<\/li>\n<\/ul>\n\n\n\n<figure class=\"wp-block-image size-full\"><img loading=\"lazy\" decoding=\"async\" width=\"698\" height=\"994\" src=\"https:\/\/eg.jgalindo.eu\/wp-content\/uploads\/2024\/10\/image-14.png\" alt=\"\" class=\"wp-image-164\" srcset=\"https:\/\/eg.jgalindo.eu\/wp-content\/uploads\/2024\/10\/image-14.png 698w, https:\/\/eg.jgalindo.eu\/wp-content\/uploads\/2024\/10\/image-14-211x300.png 211w\" sizes=\"auto, (max-width: 698px) 100vw, 698px\" \/><figcaption class=\"wp-element-caption\"><strong>Planta 10 izquierda<\/strong><\/figcaption><\/figure>\n\n\n\n<ul class=\"wp-block-list\">\n<li><strong>Hospitalizaci\u00f3n Otorrinolaringolog\u00eda.<\/strong>\n<ul class=\"wp-block-list\">\n<li>Ubicaci\u00f3n: Planta 10 centro, control B.<\/li>\n<\/ul>\n<\/li>\n<\/ul>\n\n\n\n<ul class=\"wp-block-list\">\n<li><strong>Unidad de Endoscopias<\/strong>\n<ul class=\"wp-block-list\">\n<li>Ubicaci\u00f3n: Planta -2 centro.<\/li>\n<\/ul>\n<\/li>\n\n\n\n<li><strong>Radiolog\u00eda (Digestiva, TAC, RMN)<\/strong>\n<ul class=\"wp-block-list\">\n<li>Ubicaci\u00f3n: Planta 0 <\/li>\n<\/ul>\n<\/li>\n\n\n\n<li><strong>Medicina Nuclear (PET, SPECT)<\/strong>\n<ul class=\"wp-block-list\">\n<li>Ubicaci\u00f3n: Planta 0 derecha<\/li>\n<\/ul>\n<\/li>\n<\/ul>\n","protected":false},"excerpt":{"rendered":"<p>\u00c1rea de consultas externas<\/p>\n","protected":false},"author":2,"featured_media":0,"parent":0,"menu_order":0,"comment_status":"closed","ping_status":"closed","template":"","meta":{"footnotes":""},"class_list":["post-84","page","type-page","status-publish","hentry","entry"],"_links":{"self":[{"href":"https:\/\/eg.jgalindo.eu\/index.php\/wp-json\/wp\/v2\/pages\/84","targetHints":{"allow":["GET"]}}],"collection":[{"href":"https:\/\/eg.jgalindo.eu\/index.php\/wp-json\/wp\/v2\/pages"}],"about":[{"href":"https:\/\/eg.jgalindo.eu\/index.php\/wp-json\/wp\/v2\/types\/page"}],"author":[{"embeddable":true,"href":"https:\/\/eg.jgalindo.eu\/index.php\/wp-json\/wp\/v2\/users\/2"}],"replies":[{"embeddable":true,"href":"https:\/\/eg.jgalindo.eu\/index.php\/wp-json\/wp\/v2\/comments?post=84"}],"version-history":[{"count":5,"href":"https:\/\/eg.jgalindo.eu\/index.php\/wp-json\/wp\/v2\/pages\/84\/revisions"}],"predecessor-version":[{"id":168,"href":"https:\/\/eg.jgalindo.eu\/index.php\/wp-json\/wp\/v2\/pages\/84\/revisions\/168"}],"wp:attachment":[{"href":"https:\/\/eg.jgalindo.eu\/index.php\/wp-json\/wp\/v2\/media?parent=84"}],"curies":[{"name":"wp","href":"https:\/\/api.w.org\/{rel}","templated":true}]}}